{"id":1651,"date":"2026-03-17T16:10:43","date_gmt":"2026-03-17T15:10:43","guid":{"rendered":"https:\/\/mossensbf.se\/?page_id=1651"},"modified":"2026-04-23T15:07:22","modified_gmt":"2026-04-23T14:07:22","slug":"aktuellt","status":"publish","type":"page","link":"https:\/\/mossensbf.se\/","title":{"rendered":"Aktuellt"},"content":{"rendered":"\n<p><strong>F\u00e4rskvatten p\u00e5 bryggan<br><\/strong>Vattnet s\u00e4tts p\u00e5 den 2 maj f\u00f6rhoppningsvis, det \u00e4r lite arbete kvar att g\u00f6ra&#8230;. <\/p>\n\n\n\n<hr class=\"wp-block-separator has-alpha-channel-opacity\"\/>\n\n\n\n<p><\/p>\n\n\n\n<p><strong>Nu \u00e4r containern p\u00e5 plats<br><\/strong>T\u00e4nk p\u00e5 att <strong>inte <\/strong>sl\u00e4nga mat\/livsmedel i containern. Skall du kassera din presenning skall denna vikas ihop och buntas med sn\u00f6re eller likande,  g\u00f6r den s\u00e5 kompakt som m\u00f6jligt innan den stoppas i containern. <\/p>\n\n\n\n<hr class=\"wp-block-separator has-alpha-channel-opacity\"\/>\n\n\n\n<p><strong>Nu \u00e4r vattnet i hamnen p\u00e5<br><\/strong>V\u00e5ren \u00e4r h\u00e4r och nu g\u00e5r det bra att anv\u00e4nda vatten i hamnen<\/p>\n\n\n\n<p><\/p>\n\n\n\n<hr class=\"wp-block-separator has-alpha-channel-opacity\"\/>\n\n\n\n<p><strong>Lediga hyrplatser<br><\/strong>Vi har n\u00e5gra hyrplatser lediga f\u00f6r s\u00e4songen 2026, g\u00e4ller b\u00e5tar med maxstorlek p\u00e5 9\u00d73 m och 4,5 ton. Kontakt via E-mail f\u00f6r mer information: mailto:mossensbryggforening@gmail.com<\/p>\n\n\n\n<hr class=\"wp-block-separator has-alpha-channel-opacity\"\/>\n\n\n\n<p><strong>Dags att betala \u00e5rets avgift <br><\/strong>Medlem, din avgift till f\u00f6reningen skall betalas senast den 31 mars 2026, faktura har kommit till din e-postadress. Om du saknar fakturan kontakta styrelsen via <em>mossensbryggforening@gmail.com<\/em> omg\u00e5ende.<br><\/p>\n\n\n\n<hr class=\"wp-block-separator has-alpha-channel-opacity\"\/>\n\n\n\n<p><strong>Arbetsdagar och sj\u00f6s\u00e4ttningstider<br><\/strong>Nu finns datum f\u00f6r arbetsdagar och sj\u00f6s\u00e4ttningstider f\u00f6r v\u00e5ren 2026<br><a href=\"https:\/\/mossensbf.se\/?page_id=74\" data-type=\"page\" data-id=\"74\">Du hittar dem h\u00e4r<\/a><\/p>\n\n\n\n<hr class=\"wp-block-separator has-alpha-channel-opacity\"\/>\n\n\n\n<p><\/p>\n","protected":false},"excerpt":{"rendered":"<p>F\u00e4rskvatten p\u00e5 brygganVattnet s\u00e4tts p\u00e5 den 2 maj f\u00f6rhoppningsvis, det \u00e4r lite arbete kvar att g\u00f6ra&#8230;. Nu \u00e4r containern p\u00e5 platsT\u00e4nk p\u00e5 att inte sl\u00e4nga mat\/livsmedel i containern. Skall du kassera din presenning skall denna vikas ihop och buntas med sn\u00f6re eller likande, g\u00f6r den s\u00e5 kompakt som m\u00f6jligt innan den stoppas i containern. Nu &hellip; <a href=\"https:\/\/mossensbf.se\/\" class=\"more-link\">Forts\u00e4tt l\u00e4sa <span class=\"screen-reader-text\">Aktuellt<\/span> <span class=\"meta-nav\">&rarr;<\/span><\/a><\/p>\n","protected":false},"author":5,"featured_media":0,"parent":0,"menu_order":0,"comment_status":"closed","ping_status":"closed","template":"","meta":{"footnotes":""},"class_list":["post-1651","page","type-page","status-publish","hentry"],"_links":{"self":[{"href":"https:\/\/mossensbf.se\/index.php?rest_route=\/wp\/v2\/pages\/1651","targetHints":{"allow":["GET"]}}],"collection":[{"href":"https:\/\/mossensbf.se\/index.php?rest_route=\/wp\/v2\/pages"}],"about":[{"href":"https:\/\/mossensbf.se\/index.php?rest_route=\/wp\/v2\/types\/page"}],"author":[{"embeddable":true,"href":"https:\/\/mossensbf.se\/index.php?rest_route=\/wp\/v2\/users\/5"}],"replies":[{"embeddable":true,"href":"https:\/\/mossensbf.se\/index.php?rest_route=%2Fwp%2Fv2%2Fcomments&post=1651"}],"version-history":[{"count":11,"href":"https:\/\/mossensbf.se\/index.php?rest_route=\/wp\/v2\/pages\/1651\/revisions"}],"predecessor-version":[{"id":1681,"href":"https:\/\/mossensbf.se\/index.php?rest_route=\/wp\/v2\/pages\/1651\/revisions\/1681"}],"wp:attachment":[{"href":"https:\/\/mossensbf.se\/index.php?rest_route=%2Fwp%2Fv2%2Fmedia&parent=1651"}],"curies":[{"name":"wp","href":"https:\/\/api.w.org\/{rel}","templated":true}]}}